{"id":268,"date":"2023-09-22T17:05:24","date_gmt":"2023-09-22T15:05:24","guid":{"rendered":"https:\/\/afrimvoe.net\/?page_id=268"},"modified":"2025-09-18T13:14:51","modified_gmt":"2025-09-18T12:14:51","slug":"hra-health","status":"publish","type":"page","link":"https:\/\/afrimvoe.net\/en\/hra-health\/","title":{"rendered":"HRA Videos"},"content":{"rendered":"<figure class=\"wp-block-image size-full\"><img loading=\"lazy\" decoding=\"async\" width=\"150\" height=\"151\" src=\"https:\/\/afrimvoe.net\/wp-content\/uploads\/2025\/08\/logohranew150.jpg\" alt=\"\" class=\"wp-image-595\" srcset=\"https:\/\/afrimvoe.net\/wp-content\/uploads\/2025\/08\/logohranew150.jpg 150w, https:\/\/afrimvoe.net\/wp-content\/uploads\/2025\/08\/logohranew150-12x12.jpg 12w\" sizes=\"auto, (max-width: 150px) 100vw, 150px\" \/><\/figure>\n\n\n\n\n\n<p class=\"has-large-font-size\" style=\"font-style:normal;font-weight:600\"><strong>About this Journal<\/strong><\/p>\n\n\n\n<p><strong><a href=\"http:\/\/hsd-fmsb.org\/index.php\/HRA\/index\">Health Research in Africa (HRA)<\/a><\/strong>&nbsp;is a peer-reviewed, open-access scientific journal, a partner of the journal&nbsp;<em><a href=\"http:\/\/hsd-fmsb.org\/index.php\/hsd\/index\">Health Sciences and Disease<\/a><\/em>, and published by<a href=\"https:\/\/afrimvoe.net\/en\/\"> Afrimvoe Medical Services<\/a>. HRA prioritizes high-quality, relevant research on priority health problems with a direct impact on clinical practice and public health, aiming to improve the health status of populations in Africa. HRA covers all aspects of medicine, pharmacy, biomedical sciences, and health, including public and societal health issues. Articles are published in full on the website, in open access. On this page, you have access to short videos related to some of these articles.<\/p>\n\n\n\n\n\n<div class=\"wp-block-columns is-layout-flex wp-container-core-columns-is-layout-9d6595d7 wp-block-columns-is-layout-flex\">\n<div class=\"wp-block-column is-layout-flow wp-block-column-is-layout-flow\"><\/div>\n\n\n\n<div class=\"wp-block-column is-layout-flow wp-block-column-is-layout-flow\">\n<figure class=\"wp-block-video\"><video height=\"1080\" style=\"aspect-ratio: 1112 \/ 1080;\" width=\"1112\" controls src=\"https:\/\/afrimvoe.net\/wp-content\/uploads\/2025\/08\/Malaria-in-Guinea-Conakry.mp4\"><\/video><figcaption class=\"wp-element-caption\"><strong><a href=\"https:\/\/hsd-fmsb.org\/index.php\/hra\/article\/view\/6878\">Malaria in Guinea-Conakry: A Silent Threat Under the Microscope of Researchers<\/a><\/strong><\/figcaption><\/figure>\n<\/div>\n<\/div>\n\n\n\n<div class=\"wp-block-columns is-layout-flex wp-container-core-columns-is-layout-9d6595d7 wp-block-columns-is-layout-flex\">\n<div class=\"wp-block-column is-layout-flow wp-block-column-is-layout-flow\"><\/div>\n\n\n\n<div class=\"wp-block-column is-layout-flow wp-block-column-is-layout-flow\">\n<figure class=\"wp-block-video\"><video height=\"1080\" style=\"aspect-ratio: 1112 \/ 1080;\" width=\"1112\" controls src=\"https:\/\/afrimvoe.net\/wp-content\/uploads\/2025\/08\/the-invisible-killer.mp4\"><\/video><figcaption class=\"wp-element-caption\"><strong><a href=\"https:\/\/hsd-fmsb.org\/index.php\/hra\/article\/view\/6870\">The Invisible Killer of Newborns in Cameroon<\/a><\/strong><\/figcaption><\/figure>\n<\/div>\n<\/div>\n\n\n\n<div class=\"wp-block-columns is-layout-flex wp-container-core-columns-is-layout-9d6595d7 wp-block-columns-is-layout-flex\">\n<div class=\"wp-block-column is-layout-flow wp-block-column-is-layout-flow\"><\/div>\n\n\n\n<div class=\"wp-block-column is-layout-flow wp-block-column-is-layout-flow\">\n<figure class=\"wp-block-video\"><video height=\"720\" style=\"aspect-ratio: 744 \/ 720;\" width=\"744\" controls src=\"https:\/\/afrimvoe.net\/wp-content\/uploads\/2025\/08\/BLEEDING-IN-SILENCE-The-Invisible-Tragedy-of-Mothers-in-Togo.mp4\"><\/video><figcaption class=\"wp-element-caption\"><strong><a href=\"https:\/\/hsd-fmsb.org\/index.php\/hra\/article\/view\/6891\">\u00ab\u00a0BLEEDING IN SILENCE: The Invisible Tragedy of Mothers in Togo\u00a0\u00bb<\/a><\/strong><\/figcaption><\/figure>\n<\/div>\n<\/div>\n\n\n\n<div class=\"wp-block-columns is-layout-flex wp-container-core-columns-is-layout-9d6595d7 wp-block-columns-is-layout-flex\">\n<div class=\"wp-block-column is-layout-flow wp-block-column-is-layout-flow\"><\/div>\n\n\n\n<div class=\"wp-block-column is-layout-flow wp-block-column-is-layout-flow\">\n<figure class=\"wp-block-video\"><video height=\"1080\" style=\"aspect-ratio: 1920 \/ 1080;\" width=\"1920\" controls src=\"https:\/\/afrimvoe.net\/wp-content\/uploads\/2025\/08\/Histoplasmosis.mp4\"><\/video><figcaption class=\"wp-element-caption\"><strong><a href=\"https:\/\/hsd-fmsb.org\/index.php\/hra\/article\/view\/6924\">Without HIV, but with the disease of the immunocompromised: the inexplicable case<\/a><\/strong><\/figcaption><\/figure>\n<\/div>\n<\/div>\n\n\n\n<div class=\"wp-block-columns is-layout-flex wp-container-core-columns-is-layout-9d6595d7 wp-block-columns-is-layout-flex\">\n<div class=\"wp-block-column is-layout-flow wp-block-column-is-layout-flow\"><\/div>\n\n\n\n<div class=\"wp-block-column is-layout-flow wp-block-column-is-layout-flow\">\n<figure class=\"wp-block-video\"><video height=\"1080\" style=\"aspect-ratio: 1920 \/ 1080;\" width=\"1920\" controls src=\"https:\/\/afrimvoe.net\/wp-content\/uploads\/2025\/09\/A-face-split-in-two-by-a-horse-how-did-medicine-fix-it-all.mp4\"><\/video><figcaption class=\"wp-element-caption\"><strong><a href=\"http:\/\/A face split in two by a horse: how did medicine fix it all?\">A face split in two by a horse: how did medicine fix it all?<\/a><\/strong><\/figcaption><\/figure>\n<\/div>\n<\/div>\n\n\n\n<div class=\"wp-block-columns is-layout-flex wp-container-core-columns-is-layout-9d6595d7 wp-block-columns-is-layout-flex\">\n<div class=\"wp-block-column is-layout-flow wp-block-column-is-layout-flow\"><\/div>\n\n\n\n<div class=\"wp-block-column is-layout-flow wp-block-column-is-layout-flow\">\n<figure class=\"wp-block-video\"><video height=\"1080\" style=\"aspect-ratio: 1920 \/ 1080;\" width=\"1920\" controls src=\"https:\/\/afrimvoe.net\/wp-content\/uploads\/2025\/09\/He-discovers-a-lump-on-his-testicle\u2014the-surgeons-unexpected-verdict.mp4\"><\/video><figcaption class=\"wp-element-caption\"><strong><a href=\"https:\/\/hsd-fmsb.org\/index.php\/hra\/article\/view\/7009\">He discovers a lump on his testicle\u2014the surgeons&rsquo; unexpected verdict.<\/a><\/strong><\/figcaption><\/figure>\n<\/div>\n<\/div>\n\n\n\n<div class=\"wp-block-columns is-layout-flex wp-container-core-columns-is-layout-9d6595d7 wp-block-columns-is-layout-flex\">\n<div class=\"wp-block-column is-layout-flow wp-block-column-is-layout-flow\"><\/div>\n\n\n\n<div class=\"wp-block-column is-layout-flow wp-block-column-is-layout-flow\">\n<figure class=\"wp-block-video\"><video height=\"1080\" style=\"aspect-ratio: 1920 \/ 1080;\" width=\"1920\" controls src=\"https:\/\/afrimvoe.net\/wp-content\/uploads\/2025\/09\/What-if-you-were-a-victim-of-canine-rage-1.mp4\"><\/video><figcaption class=\"wp-element-caption\"><strong><a href=\"https:\/\/hsd-fmsb.org\/index.php\/hra\/article\/view\/6961\">It&rsquo;s not the stray dog you should fear, it&rsquo;s your own: The red alert from veterinarians in Mali.<\/a><\/strong><\/figcaption><\/figure>\n<\/div>\n<\/div>","protected":false},"excerpt":{"rendered":"<p>About this Journal Health Research in Africa (HRA)&nbsp;is a peer-reviewed, open-access scientific journal, a partner of the journal&nbsp;Health Sciences and Disease, and published by Afrimvoe Medical Services. HRA prioritizes high-quality, relevant research on priority health problems with a direct impact on clinical practice and public health, aiming to improve the health status of populations in [&#8230;]<\/p>\n<p><a class=\"btn btn-secondary understrap-read-more-link\" href=\"https:\/\/afrimvoe.net\/en\/hra-health\/\">Read More&#8230;<\/a><\/p>","protected":false},"author":1,"featured_media":0,"parent":0,"menu_order":0,"comment_status":"closed","ping_status":"closed","template":"","meta":{"footnotes":""},"class_list":["post-268","page","type-page","status-publish","hentry"],"yoast_head":"<!-- This site is optimized with the Yoast SEO plugin v24.4 - https:\/\/yoast.com\/wordpress\/plugins\/seo\/ -->\n<title>HRA Vid\u00e9os - Afrimvoe M\u00e9dical<\/title>\n<meta name=\"description\" content=\"Health Research in Africa is published by AFRIMVOE Medical Services\" \/>\n<meta name=\"robots\" content=\"index, follow, max-snippet:-1, max-image-preview:large, max-video-preview:-1\" \/>\n<link rel=\"canonical\" href=\"http:\/\/afrimvoe.net\/en\/hra-health\/\" \/>\n<meta property=\"og:locale\" content=\"en_US\" \/>\n<meta property=\"og:type\" content=\"article\" \/>\n<meta property=\"og:title\" content=\"HRA Vid\u00e9os - Afrimvoe M\u00e9dical\" \/>\n<meta property=\"og:description\" content=\"Health Research in Africa is published by AFRIMVOE Medical Services\" \/>\n<meta property=\"og:url\" content=\"http:\/\/afrimvoe.net\/en\/hra-health\/\" \/>\n<meta property=\"og:site_name\" content=\"Afrimvoe M\u00e9dical\" \/>\n<meta property=\"article:modified_time\" content=\"2025-09-18T12:14:51+00:00\" \/>\n<meta property=\"og:image\" content=\"https:\/\/afrimvoe.net\/wp-content\/uploads\/2025\/08\/logohranew150.jpg\" \/>\n<meta name=\"twitter:card\" content=\"summary_large_image\" \/>\n<meta name=\"twitter:label1\" content=\"Est. reading time\" \/>\n\t<meta name=\"twitter:data1\" content=\"3 minutes\" \/>\n<script type=\"application\/ld+json\" class=\"yoast-schema-graph\">{\"@context\":\"https:\/\/schema.org\",\"@graph\":[{\"@type\":\"WebPage\",\"@id\":\"http:\/\/afrimvoe.net\/en\/hra-health\/\",\"url\":\"http:\/\/afrimvoe.net\/en\/hra-health\/\",\"name\":\"HRA Vid\u00e9os - Afrimvoe M\u00e9dical\",\"isPartOf\":{\"@id\":\"https:\/\/afrimvoe.net\/en\/#website\"},\"primaryImageOfPage\":{\"@id\":\"http:\/\/afrimvoe.net\/en\/hra-health\/#primaryimage\"},\"image\":{\"@id\":\"http:\/\/afrimvoe.net\/en\/hra-health\/#primaryimage\"},\"thumbnailUrl\":\"https:\/\/afrimvoe.net\/wp-content\/uploads\/2025\/08\/logohranew150.jpg\",\"datePublished\":\"2023-09-22T15:05:24+00:00\",\"dateModified\":\"2025-09-18T12:14:51+00:00\",\"description\":\"Health Research in Africa is published by AFRIMVOE Medical Services\",\"breadcrumb\":{\"@id\":\"http:\/\/afrimvoe.net\/en\/hra-health\/#breadcrumb\"},\"inLanguage\":\"en-US\",\"potentialAction\":[{\"@type\":\"ReadAction\",\"target\":[\"http:\/\/afrimvoe.net\/en\/hra-health\/\"]}]},{\"@type\":\"ImageObject\",\"inLanguage\":\"en-US\",\"@id\":\"http:\/\/afrimvoe.net\/en\/hra-health\/#primaryimage\",\"url\":\"https:\/\/afrimvoe.net\/wp-content\/uploads\/2025\/08\/logohranew150.jpg\",\"contentUrl\":\"https:\/\/afrimvoe.net\/wp-content\/uploads\/2025\/08\/logohranew150.jpg\"},{\"@type\":\"BreadcrumbList\",\"@id\":\"http:\/\/afrimvoe.net\/en\/hra-health\/#breadcrumb\",\"itemListElement\":[{\"@type\":\"ListItem\",\"position\":1,\"name\":\"Accueil\",\"item\":\"https:\/\/afrimvoe.net\/en\/\"},{\"@type\":\"ListItem\",\"position\":2,\"name\":\"HRA Vid\u00e9os\"}]},{\"@type\":\"WebSite\",\"@id\":\"https:\/\/afrimvoe.net\/en\/#website\",\"url\":\"https:\/\/afrimvoe.net\/en\/\",\"name\":\"Afrimvoe M\u00e9dical\",\"description\":\"Sciences, Conscience, Exp\u00e9rience et Puissance des TIC au Service de Votre Sant\u00e9\",\"publisher\":{\"@id\":\"https:\/\/afrimvoe.net\/en\/#organization\"},\"potentialAction\":[{\"@type\":\"SearchAction\",\"target\":{\"@type\":\"EntryPoint\",\"urlTemplate\":\"https:\/\/afrimvoe.net\/en\/?s={search_term_string}\"},\"query-input\":{\"@type\":\"PropertyValueSpecification\",\"valueRequired\":true,\"valueName\":\"search_term_string\"}}],\"inLanguage\":\"en-US\"},{\"@type\":\"Organization\",\"@id\":\"https:\/\/afrimvoe.net\/en\/#organization\",\"name\":\"Afrimvoe M\u00e9dical\",\"url\":\"https:\/\/afrimvoe.net\/en\/\",\"logo\":{\"@type\":\"ImageObject\",\"inLanguage\":\"en-US\",\"@id\":\"https:\/\/afrimvoe.net\/en\/#\/schema\/logo\/image\/\",\"url\":\"https:\/\/afrimvoe.net\/wp-content\/uploads\/2021\/12\/cropped-Capture-decran-2023-09-20-125425.png\",\"contentUrl\":\"https:\/\/afrimvoe.net\/wp-content\/uploads\/2021\/12\/cropped-Capture-decran-2023-09-20-125425.png\",\"width\":148,\"height\":148,\"caption\":\"Afrimvoe M\u00e9dical\"},\"image\":{\"@id\":\"https:\/\/afrimvoe.net\/en\/#\/schema\/logo\/image\/\"}}]}<\/script>\n<!-- \/ Yoast SEO plugin. -->","yoast_head_json":{"title":"HRA Vid\u00e9os - Afrimvoe M\u00e9dical","description":"Health Research in Africa is published by AFRIMVOE Medical Services","robots":{"index":"index","follow":"follow","max-snippet":"max-snippet:-1","max-image-preview":"max-image-preview:large","max-video-preview":"max-video-preview:-1"},"canonical":"http:\/\/afrimvoe.net\/en\/hra-health\/","og_locale":"en_US","og_type":"article","og_title":"HRA Vid\u00e9os - Afrimvoe M\u00e9dical","og_description":"Health Research in Africa is published by AFRIMVOE Medical Services","og_url":"http:\/\/afrimvoe.net\/en\/hra-health\/","og_site_name":"Afrimvoe M\u00e9dical","article_modified_time":"2025-09-18T12:14:51+00:00","og_image":[{"url":"https:\/\/afrimvoe.net\/wp-content\/uploads\/2025\/08\/logohranew150.jpg","type":"","width":"","height":""}],"twitter_card":"summary_large_image","twitter_misc":{"Est. reading time":"3 minutes"},"schema":{"@context":"https:\/\/schema.org","@graph":[{"@type":"WebPage","@id":"http:\/\/afrimvoe.net\/en\/hra-health\/","url":"http:\/\/afrimvoe.net\/en\/hra-health\/","name":"HRA Vid\u00e9os - Afrimvoe M\u00e9dical","isPartOf":{"@id":"https:\/\/afrimvoe.net\/en\/#website"},"primaryImageOfPage":{"@id":"http:\/\/afrimvoe.net\/en\/hra-health\/#primaryimage"},"image":{"@id":"http:\/\/afrimvoe.net\/en\/hra-health\/#primaryimage"},"thumbnailUrl":"https:\/\/afrimvoe.net\/wp-content\/uploads\/2025\/08\/logohranew150.jpg","datePublished":"2023-09-22T15:05:24+00:00","dateModified":"2025-09-18T12:14:51+00:00","description":"Health Research in Africa is published by AFRIMVOE Medical Services","breadcrumb":{"@id":"http:\/\/afrimvoe.net\/en\/hra-health\/#breadcrumb"},"inLanguage":"en-US","potentialAction":[{"@type":"ReadAction","target":["http:\/\/afrimvoe.net\/en\/hra-health\/"]}]},{"@type":"ImageObject","inLanguage":"en-US","@id":"http:\/\/afrimvoe.net\/en\/hra-health\/#primaryimage","url":"https:\/\/afrimvoe.net\/wp-content\/uploads\/2025\/08\/logohranew150.jpg","contentUrl":"https:\/\/afrimvoe.net\/wp-content\/uploads\/2025\/08\/logohranew150.jpg"},{"@type":"BreadcrumbList","@id":"http:\/\/afrimvoe.net\/en\/hra-health\/#breadcrumb","itemListElement":[{"@type":"ListItem","position":1,"name":"Accueil","item":"https:\/\/afrimvoe.net\/en\/"},{"@type":"ListItem","position":2,"name":"HRA Vid\u00e9os"}]},{"@type":"WebSite","@id":"https:\/\/afrimvoe.net\/en\/#website","url":"https:\/\/afrimvoe.net\/en\/","name":"Afrimvoe M\u00e9dical","description":"Sciences, Conscience, Exp\u00e9rience et Puissance des TIC au Service de Votre Sant\u00e9","publisher":{"@id":"https:\/\/afrimvoe.net\/en\/#organization"},"potentialAction":[{"@type":"SearchAction","target":{"@type":"EntryPoint","urlTemplate":"https:\/\/afrimvoe.net\/en\/?s={search_term_string}"},"query-input":{"@type":"PropertyValueSpecification","valueRequired":true,"valueName":"search_term_string"}}],"inLanguage":"en-US"},{"@type":"Organization","@id":"https:\/\/afrimvoe.net\/en\/#organization","name":"Afrimvoe M\u00e9dical","url":"https:\/\/afrimvoe.net\/en\/","logo":{"@type":"ImageObject","inLanguage":"en-US","@id":"https:\/\/afrimvoe.net\/en\/#\/schema\/logo\/image\/","url":"https:\/\/afrimvoe.net\/wp-content\/uploads\/2021\/12\/cropped-Capture-decran-2023-09-20-125425.png","contentUrl":"https:\/\/afrimvoe.net\/wp-content\/uploads\/2021\/12\/cropped-Capture-decran-2023-09-20-125425.png","width":148,"height":148,"caption":"Afrimvoe M\u00e9dical"},"image":{"@id":"https:\/\/afrimvoe.net\/en\/#\/schema\/logo\/image\/"}}]}},"_links":{"self":[{"href":"https:\/\/afrimvoe.net\/en\/wp-json\/wp\/v2\/pages\/268","targetHints":{"allow":["GET"]}}],"collection":[{"href":"https:\/\/afrimvoe.net\/en\/wp-json\/wp\/v2\/pages"}],"about":[{"href":"https:\/\/afrimvoe.net\/en\/wp-json\/wp\/v2\/types\/page"}],"author":[{"embeddable":true,"href":"https:\/\/afrimvoe.net\/en\/wp-json\/wp\/v2\/users\/1"}],"replies":[{"embeddable":true,"href":"https:\/\/afrimvoe.net\/en\/wp-json\/wp\/v2\/comments?post=268"}],"version-history":[{"count":28,"href":"https:\/\/afrimvoe.net\/en\/wp-json\/wp\/v2\/pages\/268\/revisions"}],"predecessor-version":[{"id":681,"href":"https:\/\/afrimvoe.net\/en\/wp-json\/wp\/v2\/pages\/268\/revisions\/681"}],"wp:attachment":[{"href":"https:\/\/afrimvoe.net\/en\/wp-json\/wp\/v2\/media?parent=268"}],"curies":[{"name":"wp","href":"https:\/\/api.w.org\/{rel}","templated":true}]}}