{"id":204,"date":"2022-01-05T19:48:48","date_gmt":"2022-01-05T18:48:48","guid":{"rendered":"http:\/\/afrimvoe.net\/?page_id=204"},"modified":"2022-01-05T19:48:49","modified_gmt":"2022-01-05T18:48:49","slug":"radiologie-et-imagerie-medicale-digitalisee","status":"publish","type":"page","link":"https:\/\/afrimvoe.net\/en\/radiologie-et-imagerie-medicale-digitalisee\/","title":{"rendered":"Radiologie et Imagerie m\u00e9dicale digitalis\u00e9e"},"content":{"rendered":"<ul class=\"wp-block-list\"><li>\u00c9chographie, \u00e9chodoppler <\/li><li>Radiologie digitale <\/li><li>Panoramique dentaire <\/li><li>Mammographie diagnostique et de d\u00e9pistage <\/li><li>Scanner et IRM. <\/li><li>Radiologie interventionnelle: pr\u00e9l\u00e8vement et drainage \u00e9cho guid\u00e9s<\/li><\/ul>","protected":false},"excerpt":{"rendered":"<p>\u00c9chographie, \u00e9chodoppler Radiologie digitale Panoramique dentaire Mammographie diagnostique et de d\u00e9pistage Scanner et IRM. Radiologie interventionnelle: pr\u00e9l\u00e8vement et drainage \u00e9cho guid\u00e9s [&#8230;]<\/p>\n<p><a class=\"btn btn-secondary understrap-read-more-link\" href=\"https:\/\/afrimvoe.net\/en\/radiologie-et-imagerie-medicale-digitalisee\/\">Read More&#8230;<\/a><\/p>","protected":false},"author":1,"featured_media":0,"parent":0,"menu_order":0,"comment_status":"closed","ping_status":"closed","template":"","meta":{"footnotes":""},"class_list":["post-204","page","type-page","status-publish","hentry"],"yoast_head":"<!-- This site is optimized with the Yoast SEO plugin v24.4 - https:\/\/yoast.com\/wordpress\/plugins\/seo\/ -->\n<title>Radiologie et Imagerie m\u00e9dicale digitalis\u00e9e - Afrimvoe M\u00e9dical<\/title>\n<meta name=\"robots\" content=\"index, follow, max-snippet:-1, max-image-preview:large, max-video-preview:-1\" \/>\n<link rel=\"canonical\" href=\"https:\/\/afrimvoe.net\/en\/radiologie-et-imagerie-medicale-digitalisee\/\" \/>\n<meta property=\"og:locale\" content=\"en_US\" \/>\n<meta property=\"og:type\" content=\"article\" \/>\n<meta property=\"og:title\" content=\"Radiologie et Imagerie m\u00e9dicale digitalis\u00e9e - Afrimvoe M\u00e9dical\" \/>\n<meta property=\"og:description\" content=\"\u00c9chographie, \u00e9chodoppler Radiologie digitale Panoramique dentaire Mammographie diagnostique et de d\u00e9pistage Scanner et IRM. Radiologie interventionnelle: pr\u00e9l\u00e8vement et drainage \u00e9cho guid\u00e9s [...]Read More...\" \/>\n<meta property=\"og:url\" content=\"https:\/\/afrimvoe.net\/en\/radiologie-et-imagerie-medicale-digitalisee\/\" \/>\n<meta property=\"og:site_name\" content=\"Afrimvoe M\u00e9dical\" \/>\n<meta property=\"article:modified_time\" content=\"2022-01-05T18:48:49+00:00\" \/>\n<meta name=\"twitter:card\" content=\"summary_large_image\" \/>\n<meta name=\"twitter:label1\" content=\"Est. reading time\" \/>\n\t<meta name=\"twitter:data1\" content=\"1 minute\" \/>\n<script type=\"application\/ld+json\" class=\"yoast-schema-graph\">{\"@context\":\"https:\/\/schema.org\",\"@graph\":[{\"@type\":\"WebPage\",\"@id\":\"https:\/\/afrimvoe.net\/radiologie-et-imagerie-medicale-digitalisee\/\",\"url\":\"https:\/\/afrimvoe.net\/radiologie-et-imagerie-medicale-digitalisee\/\",\"name\":\"Radiologie et Imagerie m\u00e9dicale digitalis\u00e9e - Afrimvoe M\u00e9dical\",\"isPartOf\":{\"@id\":\"http:\/\/afrimvoe.net\/#website\"},\"datePublished\":\"2022-01-05T18:48:48+00:00\",\"dateModified\":\"2022-01-05T18:48:49+00:00\",\"breadcrumb\":{\"@id\":\"https:\/\/afrimvoe.net\/radiologie-et-imagerie-medicale-digitalisee\/#breadcrumb\"},\"inLanguage\":\"en-US\",\"potentialAction\":[{\"@type\":\"ReadAction\",\"target\":[\"https:\/\/afrimvoe.net\/radiologie-et-imagerie-medicale-digitalisee\/\"]}]},{\"@type\":\"BreadcrumbList\",\"@id\":\"https:\/\/afrimvoe.net\/radiologie-et-imagerie-medicale-digitalisee\/#breadcrumb\",\"itemListElement\":[{\"@type\":\"ListItem\",\"position\":1,\"name\":\"Accueil\",\"item\":\"http:\/\/afrimvoe.net\/\"},{\"@type\":\"ListItem\",\"position\":2,\"name\":\"Radiologie et Imagerie m\u00e9dicale digitalis\u00e9e\"}]},{\"@type\":\"WebSite\",\"@id\":\"http:\/\/afrimvoe.net\/#website\",\"url\":\"http:\/\/afrimvoe.net\/\",\"name\":\"Afrimvoe M\u00e9dical\",\"description\":\"Sciences, Conscience, Exp\u00e9rience et Puissance des TIC au Service de Votre Sant\u00e9\",\"publisher\":{\"@id\":\"http:\/\/afrimvoe.net\/#organization\"},\"potentialAction\":[{\"@type\":\"SearchAction\",\"target\":{\"@type\":\"EntryPoint\",\"urlTemplate\":\"http:\/\/afrimvoe.net\/?s={search_term_string}\"},\"query-input\":{\"@type\":\"PropertyValueSpecification\",\"valueRequired\":true,\"valueName\":\"search_term_string\"}}],\"inLanguage\":\"en-US\"},{\"@type\":\"Organization\",\"@id\":\"http:\/\/afrimvoe.net\/#organization\",\"name\":\"Afrimvoe M\u00e9dical\",\"url\":\"http:\/\/afrimvoe.net\/\",\"logo\":{\"@type\":\"ImageObject\",\"inLanguage\":\"en-US\",\"@id\":\"http:\/\/afrimvoe.net\/#\/schema\/logo\/image\/\",\"url\":\"https:\/\/afrimvoe.net\/wp-content\/uploads\/2021\/12\/cropped-Capture-decran-2023-09-20-125425.png\",\"contentUrl\":\"https:\/\/afrimvoe.net\/wp-content\/uploads\/2021\/12\/cropped-Capture-decran-2023-09-20-125425.png\",\"width\":148,\"height\":148,\"caption\":\"Afrimvoe M\u00e9dical\"},\"image\":{\"@id\":\"http:\/\/afrimvoe.net\/#\/schema\/logo\/image\/\"}}]}<\/script>\n<!-- \/ Yoast SEO plugin. -->","yoast_head_json":{"title":"Radiologie et Imagerie m\u00e9dicale digitalis\u00e9e - Afrimvoe M\u00e9dical","robots":{"index":"index","follow":"follow","max-snippet":"max-snippet:-1","max-image-preview":"max-image-preview:large","max-video-preview":"max-video-preview:-1"},"canonical":"https:\/\/afrimvoe.net\/en\/radiologie-et-imagerie-medicale-digitalisee\/","og_locale":"en_US","og_type":"article","og_title":"Radiologie et Imagerie m\u00e9dicale digitalis\u00e9e - Afrimvoe M\u00e9dical","og_description":"\u00c9chographie, \u00e9chodoppler Radiologie digitale Panoramique dentaire Mammographie diagnostique et de d\u00e9pistage Scanner et IRM. Radiologie interventionnelle: pr\u00e9l\u00e8vement et drainage \u00e9cho guid\u00e9s [...]Read More...","og_url":"https:\/\/afrimvoe.net\/en\/radiologie-et-imagerie-medicale-digitalisee\/","og_site_name":"Afrimvoe M\u00e9dical","article_modified_time":"2022-01-05T18:48:49+00:00","twitter_card":"summary_large_image","twitter_misc":{"Est. reading time":"1 minute"},"schema":{"@context":"https:\/\/schema.org","@graph":[{"@type":"WebPage","@id":"https:\/\/afrimvoe.net\/radiologie-et-imagerie-medicale-digitalisee\/","url":"https:\/\/afrimvoe.net\/radiologie-et-imagerie-medicale-digitalisee\/","name":"Radiologie et Imagerie m\u00e9dicale digitalis\u00e9e - Afrimvoe M\u00e9dical","isPartOf":{"@id":"http:\/\/afrimvoe.net\/#website"},"datePublished":"2022-01-05T18:48:48+00:00","dateModified":"2022-01-05T18:48:49+00:00","breadcrumb":{"@id":"https:\/\/afrimvoe.net\/radiologie-et-imagerie-medicale-digitalisee\/#breadcrumb"},"inLanguage":"en-US","potentialAction":[{"@type":"ReadAction","target":["https:\/\/afrimvoe.net\/radiologie-et-imagerie-medicale-digitalisee\/"]}]},{"@type":"BreadcrumbList","@id":"https:\/\/afrimvoe.net\/radiologie-et-imagerie-medicale-digitalisee\/#breadcrumb","itemListElement":[{"@type":"ListItem","position":1,"name":"Accueil","item":"http:\/\/afrimvoe.net\/"},{"@type":"ListItem","position":2,"name":"Radiologie et Imagerie m\u00e9dicale digitalis\u00e9e"}]},{"@type":"WebSite","@id":"http:\/\/afrimvoe.net\/#website","url":"http:\/\/afrimvoe.net\/","name":"Afrimvoe M\u00e9dical","description":"Sciences, Conscience, Exp\u00e9rience et Puissance des TIC au Service de Votre Sant\u00e9","publisher":{"@id":"http:\/\/afrimvoe.net\/#organization"},"potentialAction":[{"@type":"SearchAction","target":{"@type":"EntryPoint","urlTemplate":"http:\/\/afrimvoe.net\/?s={search_term_string}"},"query-input":{"@type":"PropertyValueSpecification","valueRequired":true,"valueName":"search_term_string"}}],"inLanguage":"en-US"},{"@type":"Organization","@id":"http:\/\/afrimvoe.net\/#organization","name":"Afrimvoe M\u00e9dical","url":"http:\/\/afrimvoe.net\/","logo":{"@type":"ImageObject","inLanguage":"en-US","@id":"http:\/\/afrimvoe.net\/#\/schema\/logo\/image\/","url":"https:\/\/afrimvoe.net\/wp-content\/uploads\/2021\/12\/cropped-Capture-decran-2023-09-20-125425.png","contentUrl":"https:\/\/afrimvoe.net\/wp-content\/uploads\/2021\/12\/cropped-Capture-decran-2023-09-20-125425.png","width":148,"height":148,"caption":"Afrimvoe M\u00e9dical"},"image":{"@id":"http:\/\/afrimvoe.net\/#\/schema\/logo\/image\/"}}]}},"_links":{"self":[{"href":"https:\/\/afrimvoe.net\/en\/wp-json\/wp\/v2\/pages\/204","targetHints":{"allow":["GET"]}}],"collection":[{"href":"https:\/\/afrimvoe.net\/en\/wp-json\/wp\/v2\/pages"}],"about":[{"href":"https:\/\/afrimvoe.net\/en\/wp-json\/wp\/v2\/types\/page"}],"author":[{"embeddable":true,"href":"https:\/\/afrimvoe.net\/en\/wp-json\/wp\/v2\/users\/1"}],"replies":[{"embeddable":true,"href":"https:\/\/afrimvoe.net\/en\/wp-json\/wp\/v2\/comments?post=204"}],"version-history":[{"count":1,"href":"https:\/\/afrimvoe.net\/en\/wp-json\/wp\/v2\/pages\/204\/revisions"}],"predecessor-version":[{"id":205,"href":"https:\/\/afrimvoe.net\/en\/wp-json\/wp\/v2\/pages\/204\/revisions\/205"}],"wp:attachment":[{"href":"https:\/\/afrimvoe.net\/en\/wp-json\/wp\/v2\/media?parent=204"}],"curies":[{"name":"wp","href":"https:\/\/api.w.org\/{rel}","templated":true}]}}