{"id":108,"date":"2021-12-24T14:51:32","date_gmt":"2021-12-24T13:51:32","guid":{"rendered":"http:\/\/afrimvoe.net\/?page_id=108"},"modified":"2025-10-25T15:53:56","modified_gmt":"2025-10-25T14:53:56","slug":"a-propos","status":"publish","type":"page","link":"https:\/\/afrimvoe.net\/en\/a-propos\/","title":{"rendered":"Infos"},"content":{"rendered":"<p><strong>About us<\/strong><\/p>\n\n\n\n<p>Our Private Hospital <strong>AFRIMVOE Medical Services<\/strong> specialises in in-depth diagnosis of diseases and high-quality curative and preventive care in conditions of high security, controlled confidentiality and at affordable costs, both face-to-face and via telemedicine.<\/p>\n\n\n\n<p>It is also a social centre and a training and consulting site in a wide range of fields (law, economics, environment, peace, etc.).<\/p>\n\n\n\n<p>This structure is intended to spread to other regions of Cameroon and Africa. <\/p>\n\n\n\n<p>Its platform has taken care to build up a dense network of professionals and partners, both domestic and foreign, in particular existing public healthcare structures (regional hospitals, district medical centres) and private ones.<\/p>\n\n\n\n<p>Join us <strong>AFRIMVOE Medical Services<\/strong> on Facebook: <a href=\"https:\/\/web.facebook.com\/people\/Afrimvoe-Medical-Services\/100088333970805\/?_rdc=1&amp;_rdr#:~:text=Edit%20cover%20photo-,Afrimvoe%20Medical%20Services,-22%20likes%20%E2%80%A2\">https:\/\/web.facebook.com\/people\/Afrimvoe-Medical-Services\/100088333970805\/?_rdc=1&amp;_rdr#:~:text=Edit%20cover%20photo-,Afrimvoe%20Medical%20Services,-22%20likes%20%E2%80%A2<\/a><\/p>\n\n\n\n<p id=\"breadcrumbs\">You are here:&nbsp;<a href=\"http:\/\/afrimvoe.net\/en\/\">Home<\/a>&nbsp;Our values<\/p>\n\n\n\n<h1 class=\"wp-block-heading\">Our values<\/h1>\n\n\n\n<p>Science, Consciousness, Experience and the Power of ICT in the Service of Health and Well-being<\/p>\n\n\n\n<p>S\u2019appuyant sur des professionnels confirm\u00e9s ayant une longue exp\u00e9rience du syst\u00e8me de soins, du syst\u00e8me de formation et de l\u2019administration et en les associant&nbsp; \u00e0 une \u00e9quipe de jeunes, AMI vise \u00e0 am\u00e9liorer de fa\u00e7on durable les&nbsp;<strong>healthcare and training systems<\/strong>.<\/p>\n\n\n\n<p>It will also contribute to the&nbsp;<strong>paix<\/strong>&nbsp;through the relationships he will create and the&nbsp;<strong>partnerships<\/strong>&nbsp;that it will generate.<\/p>\n\n\n\n<p>Finally, it will be a large-scale economic unit that will contribute to&nbsp;<strong>reduce poverty<\/strong>, through its direct and indirect jobs<\/p>\n\n\n\n<p>The core values required of staff are competence, high ethical standards, being grounded in the present and open to the future through ICT.<\/p>\n\n\n\n<h1 class=\"wp-block-heading\">Contact us<\/h1>\n\n\n\n<h3 class=\"wp-block-heading\">T\u00e9l\u00e9phones<\/h3>\n\n\n\n<p>+237 692 61 10 63<\/p>\n\n\n\n<p>+237 681 34 56 41<\/p>\n\n\n\n<h3 class=\"wp-block-heading\">Emails<\/h3>\n\n\n\n<p>contact@afrimvoe.net\/afrimvoe@gmail.com siteweb: www.afrimvoe.net<\/p>\n\n\n\n<h3 class=\"wp-block-heading\">Location<\/h3>\n\n\n\n<p>Nouvelle route Nkolbisson, Carrefour Station Ola, BP: 17583 Yaound\u00e9-Camerou<\/p>","protected":false},"excerpt":{"rendered":"<p>A propos Le Cabinet M\u00e9dical AFRIMVOE Medical Services est sp\u00e9cialis\u00e9 dans le diagnostic approfondi des maladies, les soins curatifs et pr\u00e9ventifs de haute qualit\u00e9 dans des conditions de haute s\u00e9curit\u00e9, de confidentialit\u00e9 maitris\u00e9e et \u00e0 des co\u00fbts accessibles, aussi bien en face \u00e0 face qu\u2019en t\u00e9l\u00e9m\u00e9decine. Il est aussi un centre social et un site [&#8230;]<\/p>\n<p><a class=\"btn btn-secondary understrap-read-more-link\" href=\"https:\/\/afrimvoe.net\/en\/a-propos\/\">Read More&#8230;<\/a><\/p>","protected":false},"author":1,"featured_media":0,"parent":0,"menu_order":0,"comment_status":"closed","ping_status":"closed","template":"","meta":{"footnotes":""},"class_list":["post-108","page","type-page","status-publish","hentry"],"yoast_head":"<!-- This site is optimized with the Yoast SEO plugin v24.4 - https:\/\/yoast.com\/wordpress\/plugins\/seo\/ -->\n<title>Infos - Afrimvoe M\u00e9dical<\/title>\n<meta name=\"description\" content=\"Cabinet m\u00e9dical sp\u00e9cialis\u00e9. Diagnostic-Traitement-Pr\u00e9vention-R\u00e9habilitation. Excellence in practice and Devotion to your health and wellness.\" \/>\n<meta name=\"robots\" content=\"index, follow, max-snippet:-1, max-image-preview:large, max-video-preview:-1\" \/>\n<link rel=\"canonical\" href=\"http:\/\/afrimvoe.net\/en\/a-propos\/\" \/>\n<meta property=\"og:locale\" content=\"en_US\" \/>\n<meta property=\"og:type\" content=\"article\" \/>\n<meta property=\"og:title\" content=\"Infos - Afrimvoe M\u00e9dical\" \/>\n<meta property=\"og:description\" content=\"Cabinet m\u00e9dical sp\u00e9cialis\u00e9. Diagnostic-Traitement-Pr\u00e9vention-R\u00e9habilitation. Excellence in practice and Devotion to your health and wellness.\" \/>\n<meta property=\"og:url\" content=\"http:\/\/afrimvoe.net\/en\/a-propos\/\" \/>\n<meta property=\"og:site_name\" content=\"Afrimvoe M\u00e9dical\" \/>\n<meta property=\"article:modified_time\" content=\"2025-10-25T14:53:56+00:00\" \/>\n<meta name=\"twitter:card\" content=\"summary_large_image\" \/>\n<meta name=\"twitter:label1\" content=\"Est. reading time\" \/>\n\t<meta name=\"twitter:data1\" content=\"2 minutes\" \/>\n<script type=\"application\/ld+json\" class=\"yoast-schema-graph\">{\"@context\":\"https:\/\/schema.org\",\"@graph\":[{\"@type\":\"WebPage\",\"@id\":\"http:\/\/afrimvoe.net\/a-propos\/\",\"url\":\"http:\/\/afrimvoe.net\/a-propos\/\",\"name\":\"Infos - Afrimvoe M\u00e9dical\",\"isPartOf\":{\"@id\":\"http:\/\/afrimvoe.net\/#website\"},\"datePublished\":\"2021-12-24T13:51:32+00:00\",\"dateModified\":\"2025-10-25T14:53:56+00:00\",\"description\":\"Cabinet m\u00e9dical sp\u00e9cialis\u00e9. Diagnostic-Traitement-Pr\u00e9vention-R\u00e9habilitation. Excellence in practice and Devotion to your health and wellness.\",\"breadcrumb\":{\"@id\":\"http:\/\/afrimvoe.net\/a-propos\/#breadcrumb\"},\"inLanguage\":\"en-US\",\"potentialAction\":[{\"@type\":\"ReadAction\",\"target\":[\"http:\/\/afrimvoe.net\/a-propos\/\"]}]},{\"@type\":\"BreadcrumbList\",\"@id\":\"http:\/\/afrimvoe.net\/a-propos\/#breadcrumb\",\"itemListElement\":[{\"@type\":\"ListItem\",\"position\":1,\"name\":\"Accueil\",\"item\":\"http:\/\/afrimvoe.net\/\"},{\"@type\":\"ListItem\",\"position\":2,\"name\":\"Infos\"}]},{\"@type\":\"WebSite\",\"@id\":\"http:\/\/afrimvoe.net\/#website\",\"url\":\"http:\/\/afrimvoe.net\/\",\"name\":\"Afrimvoe M\u00e9dical\",\"description\":\"Sciences, Conscience, Exp\u00e9rience et Puissance des TIC au Service de Votre Sant\u00e9\",\"publisher\":{\"@id\":\"http:\/\/afrimvoe.net\/#organization\"},\"potentialAction\":[{\"@type\":\"SearchAction\",\"target\":{\"@type\":\"EntryPoint\",\"urlTemplate\":\"http:\/\/afrimvoe.net\/?s={search_term_string}\"},\"query-input\":{\"@type\":\"PropertyValueSpecification\",\"valueRequired\":true,\"valueName\":\"search_term_string\"}}],\"inLanguage\":\"en-US\"},{\"@type\":\"Organization\",\"@id\":\"http:\/\/afrimvoe.net\/#organization\",\"name\":\"Afrimvoe M\u00e9dical\",\"url\":\"http:\/\/afrimvoe.net\/\",\"logo\":{\"@type\":\"ImageObject\",\"inLanguage\":\"en-US\",\"@id\":\"http:\/\/afrimvoe.net\/#\/schema\/logo\/image\/\",\"url\":\"https:\/\/afrimvoe.net\/wp-content\/uploads\/2021\/12\/cropped-Capture-decran-2023-09-20-125425.png\",\"contentUrl\":\"https:\/\/afrimvoe.net\/wp-content\/uploads\/2021\/12\/cropped-Capture-decran-2023-09-20-125425.png\",\"width\":148,\"height\":148,\"caption\":\"Afrimvoe M\u00e9dical\"},\"image\":{\"@id\":\"http:\/\/afrimvoe.net\/#\/schema\/logo\/image\/\"}}]}<\/script>\n<!-- \/ Yoast SEO plugin. -->","yoast_head_json":{"title":"Infos - Afrimvoe M\u00e9dical","description":"Cabinet m\u00e9dical sp\u00e9cialis\u00e9. Diagnostic-Traitement-Pr\u00e9vention-R\u00e9habilitation. Excellence in practice and Devotion to your health and wellness.","robots":{"index":"index","follow":"follow","max-snippet":"max-snippet:-1","max-image-preview":"max-image-preview:large","max-video-preview":"max-video-preview:-1"},"canonical":"http:\/\/afrimvoe.net\/en\/a-propos\/","og_locale":"en_US","og_type":"article","og_title":"Infos - Afrimvoe M\u00e9dical","og_description":"Cabinet m\u00e9dical sp\u00e9cialis\u00e9. Diagnostic-Traitement-Pr\u00e9vention-R\u00e9habilitation. Excellence in practice and Devotion to your health and wellness.","og_url":"http:\/\/afrimvoe.net\/en\/a-propos\/","og_site_name":"Afrimvoe M\u00e9dical","article_modified_time":"2025-10-25T14:53:56+00:00","twitter_card":"summary_large_image","twitter_misc":{"Est. reading time":"2 minutes"},"schema":{"@context":"https:\/\/schema.org","@graph":[{"@type":"WebPage","@id":"http:\/\/afrimvoe.net\/a-propos\/","url":"http:\/\/afrimvoe.net\/a-propos\/","name":"Infos - Afrimvoe M\u00e9dical","isPartOf":{"@id":"http:\/\/afrimvoe.net\/#website"},"datePublished":"2021-12-24T13:51:32+00:00","dateModified":"2025-10-25T14:53:56+00:00","description":"Cabinet m\u00e9dical sp\u00e9cialis\u00e9. Diagnostic-Traitement-Pr\u00e9vention-R\u00e9habilitation. Excellence in practice and Devotion to your health and wellness.","breadcrumb":{"@id":"http:\/\/afrimvoe.net\/a-propos\/#breadcrumb"},"inLanguage":"en-US","potentialAction":[{"@type":"ReadAction","target":["http:\/\/afrimvoe.net\/a-propos\/"]}]},{"@type":"BreadcrumbList","@id":"http:\/\/afrimvoe.net\/a-propos\/#breadcrumb","itemListElement":[{"@type":"ListItem","position":1,"name":"Accueil","item":"http:\/\/afrimvoe.net\/"},{"@type":"ListItem","position":2,"name":"Infos"}]},{"@type":"WebSite","@id":"http:\/\/afrimvoe.net\/#website","url":"http:\/\/afrimvoe.net\/","name":"Afrimvoe M\u00e9dical","description":"Sciences, Conscience, Exp\u00e9rience et Puissance des TIC au Service de Votre Sant\u00e9","publisher":{"@id":"http:\/\/afrimvoe.net\/#organization"},"potentialAction":[{"@type":"SearchAction","target":{"@type":"EntryPoint","urlTemplate":"http:\/\/afrimvoe.net\/?s={search_term_string}"},"query-input":{"@type":"PropertyValueSpecification","valueRequired":true,"valueName":"search_term_string"}}],"inLanguage":"en-US"},{"@type":"Organization","@id":"http:\/\/afrimvoe.net\/#organization","name":"Afrimvoe M\u00e9dical","url":"http:\/\/afrimvoe.net\/","logo":{"@type":"ImageObject","inLanguage":"en-US","@id":"http:\/\/afrimvoe.net\/#\/schema\/logo\/image\/","url":"https:\/\/afrimvoe.net\/wp-content\/uploads\/2021\/12\/cropped-Capture-decran-2023-09-20-125425.png","contentUrl":"https:\/\/afrimvoe.net\/wp-content\/uploads\/2021\/12\/cropped-Capture-decran-2023-09-20-125425.png","width":148,"height":148,"caption":"Afrimvoe M\u00e9dical"},"image":{"@id":"http:\/\/afrimvoe.net\/#\/schema\/logo\/image\/"}}]}},"_links":{"self":[{"href":"https:\/\/afrimvoe.net\/en\/wp-json\/wp\/v2\/pages\/108","targetHints":{"allow":["GET"]}}],"collection":[{"href":"https:\/\/afrimvoe.net\/en\/wp-json\/wp\/v2\/pages"}],"about":[{"href":"https:\/\/afrimvoe.net\/en\/wp-json\/wp\/v2\/types\/page"}],"author":[{"embeddable":true,"href":"https:\/\/afrimvoe.net\/en\/wp-json\/wp\/v2\/users\/1"}],"replies":[{"embeddable":true,"href":"https:\/\/afrimvoe.net\/en\/wp-json\/wp\/v2\/comments?post=108"}],"version-history":[{"count":37,"href":"https:\/\/afrimvoe.net\/en\/wp-json\/wp\/v2\/pages\/108\/revisions"}],"predecessor-version":[{"id":682,"href":"https:\/\/afrimvoe.net\/en\/wp-json\/wp\/v2\/pages\/108\/revisions\/682"}],"wp:attachment":[{"href":"https:\/\/afrimvoe.net\/en\/wp-json\/wp\/v2\/media?parent=108"}],"curies":[{"name":"wp","href":"https:\/\/api.w.org\/{rel}","templated":true}]}}