{"id":94,"date":"2021-12-20T15:15:11","date_gmt":"2021-12-20T14:15:11","guid":{"rendered":"http:\/\/afrimvoe.net\/it-slider\/"},"modified":"2021-12-24T16:49:11","modified_gmt":"2021-12-24T15:49:11","slug":"it-slider","status":"publish","type":"page","link":"http:\/\/afrimvoe.net\/en\/it-slider\/","title":{"rendered":"It slider"},"content":{"rendered":"<p>Simple page content of IT Slider<\/p>","protected":false},"excerpt":{"rendered":"<p>Simple page content of IT Slider [&#8230;]<\/p>\n<p><a class=\"btn btn-secondary understrap-read-more-link\" href=\"http:\/\/afrimvoe.net\/en\/it-slider\/\">Read More&#8230;<\/a><\/p>","protected":false},"author":1,"featured_media":0,"parent":0,"menu_order":0,"comment_status":"closed","ping_status":"closed","template":"","meta":{"footnotes":""},"class_list":["post-94","page","type-page","status-publish","hentry"],"yoast_head":"<!-- This site is optimized with the Yoast SEO plugin v24.4 - https:\/\/yoast.com\/wordpress\/plugins\/seo\/ -->\n<title>It slider - Afrimvoe M\u00e9dical<\/title>\n<meta name=\"robots\" content=\"index, follow, max-snippet:-1, max-image-preview:large, max-video-preview:-1\" \/>\n<link rel=\"canonical\" href=\"https:\/\/afrimvoe.net\/en\/it-slider\/\" \/>\n<meta property=\"og:locale\" content=\"en_US\" \/>\n<meta property=\"og:type\" content=\"article\" \/>\n<meta property=\"og:title\" content=\"It slider - Afrimvoe M\u00e9dical\" \/>\n<meta property=\"og:description\" content=\"Simple page content of IT Slider [...]Read More...\" \/>\n<meta property=\"og:url\" content=\"https:\/\/afrimvoe.net\/en\/it-slider\/\" \/>\n<meta property=\"og:site_name\" content=\"Afrimvoe M\u00e9dical\" \/>\n<meta property=\"article:modified_time\" content=\"2021-12-24T15:49:11+00:00\" \/>\n<meta name=\"twitter:card\" content=\"summary_large_image\" \/>\n<meta name=\"twitter:label1\" content=\"Est. reading time\" \/>\n\t<meta name=\"twitter:data1\" content=\"1 minute\" \/>\n<script type=\"application\/ld+json\" class=\"yoast-schema-graph\">{\"@context\":\"https:\/\/schema.org\",\"@graph\":[{\"@type\":\"WebPage\",\"@id\":\"https:\/\/afrimvoe.net\/it-slider\/\",\"url\":\"https:\/\/afrimvoe.net\/it-slider\/\",\"name\":\"It slider - Afrimvoe M\u00e9dical\",\"isPartOf\":{\"@id\":\"http:\/\/afrimvoe.net\/#website\"},\"datePublished\":\"2021-12-20T14:15:11+00:00\",\"dateModified\":\"2021-12-24T15:49:11+00:00\",\"breadcrumb\":{\"@id\":\"https:\/\/afrimvoe.net\/it-slider\/#breadcrumb\"},\"inLanguage\":\"en-US\",\"potentialAction\":[{\"@type\":\"ReadAction\",\"target\":[\"https:\/\/afrimvoe.net\/it-slider\/\"]}]},{\"@type\":\"BreadcrumbList\",\"@id\":\"https:\/\/afrimvoe.net\/it-slider\/#breadcrumb\",\"itemListElement\":[{\"@type\":\"ListItem\",\"position\":1,\"name\":\"Accueil\",\"item\":\"http:\/\/afrimvoe.net\/\"},{\"@type\":\"ListItem\",\"position\":2,\"name\":\"It slider\"}]},{\"@type\":\"WebSite\",\"@id\":\"http:\/\/afrimvoe.net\/#website\",\"url\":\"http:\/\/afrimvoe.net\/\",\"name\":\"Afrimvoe M\u00e9dical\",\"description\":\"Sciences, Conscience, Exp\u00e9rience et Puissance des TIC au Service de Votre Sant\u00e9\",\"publisher\":{\"@id\":\"http:\/\/afrimvoe.net\/#organization\"},\"potentialAction\":[{\"@type\":\"SearchAction\",\"target\":{\"@type\":\"EntryPoint\",\"urlTemplate\":\"http:\/\/afrimvoe.net\/?s={search_term_string}\"},\"query-input\":{\"@type\":\"PropertyValueSpecification\",\"valueRequired\":true,\"valueName\":\"search_term_string\"}}],\"inLanguage\":\"en-US\"},{\"@type\":\"Organization\",\"@id\":\"http:\/\/afrimvoe.net\/#organization\",\"name\":\"Afrimvoe M\u00e9dical\",\"url\":\"http:\/\/afrimvoe.net\/\",\"logo\":{\"@type\":\"ImageObject\",\"inLanguage\":\"en-US\",\"@id\":\"http:\/\/afrimvoe.net\/#\/schema\/logo\/image\/\",\"url\":\"http:\/\/afrimvoe.net\/wp-content\/uploads\/2021\/12\/cropped-Capture-decran-2023-09-20-125425.png\",\"contentUrl\":\"http:\/\/afrimvoe.net\/wp-content\/uploads\/2021\/12\/cropped-Capture-decran-2023-09-20-125425.png\",\"width\":148,\"height\":148,\"caption\":\"Afrimvoe M\u00e9dical\"},\"image\":{\"@id\":\"http:\/\/afrimvoe.net\/#\/schema\/logo\/image\/\"}}]}<\/script>\n<!-- \/ Yoast SEO plugin. -->","yoast_head_json":{"title":"It slider - Afrimvoe M\u00e9dical","robots":{"index":"index","follow":"follow","max-snippet":"max-snippet:-1","max-image-preview":"max-image-preview:large","max-video-preview":"max-video-preview:-1"},"canonical":"https:\/\/afrimvoe.net\/en\/it-slider\/","og_locale":"en_US","og_type":"article","og_title":"It slider - Afrimvoe M\u00e9dical","og_description":"Simple page content of IT Slider [...]Read More...","og_url":"https:\/\/afrimvoe.net\/en\/it-slider\/","og_site_name":"Afrimvoe M\u00e9dical","article_modified_time":"2021-12-24T15:49:11+00:00","twitter_card":"summary_large_image","twitter_misc":{"Est. reading time":"1 minute"},"schema":{"@context":"https:\/\/schema.org","@graph":[{"@type":"WebPage","@id":"https:\/\/afrimvoe.net\/it-slider\/","url":"https:\/\/afrimvoe.net\/it-slider\/","name":"It slider - Afrimvoe M\u00e9dical","isPartOf":{"@id":"http:\/\/afrimvoe.net\/#website"},"datePublished":"2021-12-20T14:15:11+00:00","dateModified":"2021-12-24T15:49:11+00:00","breadcrumb":{"@id":"https:\/\/afrimvoe.net\/it-slider\/#breadcrumb"},"inLanguage":"en-US","potentialAction":[{"@type":"ReadAction","target":["https:\/\/afrimvoe.net\/it-slider\/"]}]},{"@type":"BreadcrumbList","@id":"https:\/\/afrimvoe.net\/it-slider\/#breadcrumb","itemListElement":[{"@type":"ListItem","position":1,"name":"Accueil","item":"http:\/\/afrimvoe.net\/"},{"@type":"ListItem","position":2,"name":"It slider"}]},{"@type":"WebSite","@id":"http:\/\/afrimvoe.net\/#website","url":"http:\/\/afrimvoe.net\/","name":"Afrimvoe M\u00e9dical","description":"Sciences, Conscience, Exp\u00e9rience et Puissance des TIC au Service de Votre Sant\u00e9","publisher":{"@id":"http:\/\/afrimvoe.net\/#organization"},"potentialAction":[{"@type":"SearchAction","target":{"@type":"EntryPoint","urlTemplate":"http:\/\/afrimvoe.net\/?s={search_term_string}"},"query-input":{"@type":"PropertyValueSpecification","valueRequired":true,"valueName":"search_term_string"}}],"inLanguage":"en-US"},{"@type":"Organization","@id":"http:\/\/afrimvoe.net\/#organization","name":"Afrimvoe M\u00e9dical","url":"http:\/\/afrimvoe.net\/","logo":{"@type":"ImageObject","inLanguage":"en-US","@id":"http:\/\/afrimvoe.net\/#\/schema\/logo\/image\/","url":"http:\/\/afrimvoe.net\/wp-content\/uploads\/2021\/12\/cropped-Capture-decran-2023-09-20-125425.png","contentUrl":"http:\/\/afrimvoe.net\/wp-content\/uploads\/2021\/12\/cropped-Capture-decran-2023-09-20-125425.png","width":148,"height":148,"caption":"Afrimvoe M\u00e9dical"},"image":{"@id":"http:\/\/afrimvoe.net\/#\/schema\/logo\/image\/"}}]}},"_links":{"self":[{"href":"http:\/\/afrimvoe.net\/en\/wp-json\/wp\/v2\/pages\/94","targetHints":{"allow":["GET"]}}],"collection":[{"href":"http:\/\/afrimvoe.net\/en\/wp-json\/wp\/v2\/pages"}],"about":[{"href":"http:\/\/afrimvoe.net\/en\/wp-json\/wp\/v2\/types\/page"}],"author":[{"embeddable":true,"href":"http:\/\/afrimvoe.net\/en\/wp-json\/wp\/v2\/users\/1"}],"replies":[{"embeddable":true,"href":"http:\/\/afrimvoe.net\/en\/wp-json\/wp\/v2\/comments?post=94"}],"version-history":[{"count":1,"href":"http:\/\/afrimvoe.net\/en\/wp-json\/wp\/v2\/pages\/94\/revisions"}],"predecessor-version":[{"id":144,"href":"http:\/\/afrimvoe.net\/en\/wp-json\/wp\/v2\/pages\/94\/revisions\/144"}],"wp:attachment":[{"href":"http:\/\/afrimvoe.net\/en\/wp-json\/wp\/v2\/media?parent=94"}],"curies":[{"name":"wp","href":"https:\/\/api.w.org\/{rel}","templated":true}]}}