{"id":165,"date":"2021-12-26T10:34:05","date_gmt":"2021-12-26T09:34:05","guid":{"rendered":"http:\/\/afrimvoe.net\/?page_id=165"},"modified":"2025-10-25T15:52:11","modified_gmt":"2025-10-25T14:52:11","slug":"notre-equipe","status":"publish","type":"page","link":"http:\/\/afrimvoe.net\/en\/notre-equipe\/","title":{"rendered":"Our Team"},"content":{"rendered":"<p>AFRIMVOE is a team made up of both Cameroonian and foreign professionals. Meet some of our specialists:<\/p>\n\n\n<div id=\"notre-equipe\">\n    <div class=\"owl-carousel\">\n            <div class=\"card-specialist\">\n            <div class=\"card-specialist-picture\" style=\"background-image:url('http:\/\/afrimvoe.net\/wp-content\/uploads\/2025\/08\/pr_nkoo_amvene_samuel.jpg');\"><\/div>\n            <div class=\"card-specialist-details\">\n                <div class=\"card-specialist-post\">Medical Director<\/div>\n                <div class=\"card-specialist-name\">Pr Nko\u2019o Amvene Samuel<\/div>\n            <\/div>\n        <\/div>\n            <div class=\"card-specialist\">\n            <div class=\"card-specialist-picture\" style=\"background-image:url('http:\/\/afrimvoe.net\/wp-content\/uploads\/2024\/08\/michael_nkoo.jpg');\"><\/div>\n            <div class=\"card-specialist-details\">\n                <div class=\"card-specialist-post\">Member of the Board of Directors<\/div>\n                <div class=\"card-specialist-name\">Dr Nko\u2019o Michael<\/div>\n            <\/div>\n        <\/div>\n            <div class=\"card-specialist\">\n            <div class=\"card-specialist-picture\" style=\"background-image:url('http:\/\/afrimvoe.net\/wp-content\/uploads\/2022\/01\/no-picture.jpg');\"><\/div>\n            <div class=\"card-specialist-details\">\n                <div class=\"card-specialist-post\">Obstetrician and gynaecologist<\/div>\n                <div class=\"card-specialist-name\">Dr Peguy O Armel<\/div>\n            <\/div>\n        <\/div>\n            <div class=\"card-specialist\">\n            <div class=\"card-specialist-picture\" style=\"background-image:url('http:\/\/afrimvoe.net\/wp-content\/uploads\/2022\/01\/no-picture.jpg');\"><\/div>\n            <div class=\"card-specialist-details\">\n                <div class=\"card-specialist-post\">Psychiatrist\/Pedopsychiatrist<\/div>\n                <div class=\"card-specialist-name\">Dr Mbongo\u2019o Guy<\/div>\n            <\/div>\n        <\/div>\n            <div class=\"card-specialist\">\n            <div class=\"card-specialist-picture\" style=\"background-image:url('http:\/\/afrimvoe.net\/wp-content\/uploads\/2022\/01\/no-picture.jpg');\"><\/div>\n            <div class=\"card-specialist-details\">\n                <div class=\"card-specialist-post\">Cardiologue<\/div>\n                <div class=\"card-specialist-name\">Dr Ze Mendim St\u00e9phane<\/div>\n            <\/div>\n        <\/div>\n            <div class=\"card-specialist\">\n            <div class=\"card-specialist-picture\" style=\"background-image:url('http:\/\/afrimvoe.net\/wp-content\/uploads\/2025\/08\/WhatsApp_Image_2025-08-23_a_14.01.17_bbd0f00f-removebg-preview.png');\"><\/div>\n            <div class=\"card-specialist-details\">\n                <div class=\"card-specialist-post\">Senior Coordinator of Community Projects and Administration<\/div>\n                <div class=\"card-specialist-name\">Dr Ningha Nguimgo Brenda<\/div>\n            <\/div>\n        <\/div>\n            <div class=\"card-specialist\">\n            <div class=\"card-specialist-picture\" style=\"background-image:url('http:\/\/afrimvoe.net\/wp-content\/uploads\/2024\/08\/lionel.png');\"><\/div>\n            <div class=\"card-specialist-details\">\n                <div class=\"card-specialist-post\">Member of the Board of Directors<\/div>\n                <div class=\"card-specialist-name\">Dr Nko\u2019o Ntyam David Lionel, Pharmacien<\/div>\n            <\/div>\n        <\/div>\n            <div class=\"card-specialist\">\n            <div class=\"card-specialist-picture\" style=\"background-image:url('http:\/\/afrimvoe.net\/wp-content\/uploads\/2024\/08\/IMG-20240603-WA0020.jpg');\"><\/div>\n            <div class=\"card-specialist-details\">\n                <div class=\"card-specialist-post\">General supervisor<\/div>\n                <div class=\"card-specialist-name\">Bitee Bengono Nathalie<\/div>\n            <\/div>\n        <\/div>\n            <div class=\"card-specialist\">\n            <div class=\"card-specialist-picture\" style=\"background-image:url('http:\/\/afrimvoe.net\/wp-content\/uploads\/2024\/08\/Prisca.jpg');\"><\/div>\n            <div class=\"card-specialist-details\">\n                <div class=\"card-specialist-post\">Economic and Social Council<\/div>\n                <div class=\"card-specialist-name\">Mme Amenele Priscille<\/div>\n            <\/div>\n        <\/div>\n            <div class=\"card-specialist\">\n            <div class=\"card-specialist-picture\" style=\"background-image:url('http:\/\/afrimvoe.net\/wp-content\/uploads\/2024\/08\/OLLAAIMG_20220609_160118.jpg');\"><\/div>\n            <div class=\"card-specialist-details\">\n                <div class=\"card-specialist-post\">ICT Specialist<\/div>\n                <div class=\"card-specialist-name\"> Olla\u2019a St\u00e9phane<\/div>\n            <\/div>\n        <\/div>\n            <div class=\"card-specialist\">\n            <div class=\"card-specialist-picture\" style=\"background-image:url('http:\/\/afrimvoe.net\/wp-content\/uploads\/2024\/09\/afane_fabrice.webp');\"><\/div>\n            <div class=\"card-specialist-details\">\n                <div class=\"card-specialist-post\">Financial advisor<\/div>\n                <div class=\"card-specialist-name\">Afane Louis Fabrice<\/div>\n            <\/div>\n        <\/div>\n            <div class=\"card-specialist\">\n            <div class=\"card-specialist-picture\" style=\"background-image:url('http:\/\/afrimvoe.net\/wp-content\/uploads\/2023\/09\/zoo.png');\"><\/div>\n            <div class=\"card-specialist-details\">\n                <div class=\"card-specialist-post\">Consultant<\/div>\n                <div class=\"card-specialist-name\">Dr Zoo Martin Roger<\/div>\n            <\/div>\n        <\/div>\n            <div class=\"card-specialist\">\n            <div class=\"card-specialist-picture\" style=\"background-image:url('http:\/\/afrimvoe.net\/wp-content\/uploads\/2025\/08\/ayomo-pierre.jpg');\"><\/div>\n            <div class=\"card-specialist-details\">\n                <div class=\"card-specialist-post\">Financial advisor<\/div>\n                <div class=\"card-specialist-name\">Ayomo Pierre<\/div>\n            <\/div>\n        <\/div>\n            <div class=\"card-specialist\">\n            <div class=\"card-specialist-picture\" style=\"background-image:url('http:\/\/afrimvoe.net\/wp-content\/uploads\/2025\/08\/Hamza.jpg');\"><\/div>\n            <div class=\"card-specialist-details\">\n                <div class=\"card-specialist-post\">Webmaster<\/div>\n                <div class=\"card-specialist-name\">Hamza Abassi<\/div>\n            <\/div>\n        <\/div>\n            <div class=\"card-specialist\">\n            <div class=\"card-specialist-picture\" style=\"background-image:url('http:\/\/afrimvoe.net\/wp-content\/uploads\/2025\/10\/mvondo-mbida-fanny-l-1.jpg');\"><\/div>\n            <div class=\"card-specialist-details\">\n                <div class=\"card-specialist-post\">Nurse<\/div>\n                <div class=\"card-specialist-name\">Mvondo Mbida Larissa Fanny<\/div>\n            <\/div>\n        <\/div>\n        <\/div>\n<\/div>","protected":false},"excerpt":{"rendered":"<p>AFRIMVOE est une \u00e9quipe compos\u00e9e des professionnels tant camerounais que \u00e9trangers. Retrouvez quelques uns de nos sp\u00e9cialistes: [&#8230;]<\/p>\n<p><a class=\"btn btn-secondary understrap-read-more-link\" href=\"http:\/\/afrimvoe.net\/en\/notre-equipe\/\">Read More&#8230;<\/a><\/p>","protected":false},"author":1,"featured_media":0,"parent":0,"menu_order":0,"comment_status":"closed","ping_status":"closed","template":"page-templates\/right-sidebarpage.php","meta":{"footnotes":""},"class_list":["post-165","page","type-page","status-publish","hentry"],"yoast_head":"<!-- This site is optimized with the Yoast SEO plugin v24.4 - https:\/\/yoast.com\/wordpress\/plugins\/seo\/ -->\n<title>L&#039;Equipe - Afrimvoe M\u00e9dical<\/title>\n<meta name=\"robots\" content=\"index, follow, max-snippet:-1, max-image-preview:large, max-video-preview:-1\" \/>\n<link rel=\"canonical\" href=\"http:\/\/afrimvoe.net\/en\/notre-equipe\/\" \/>\n<meta property=\"og:locale\" content=\"en_US\" \/>\n<meta property=\"og:type\" content=\"article\" \/>\n<meta property=\"og:title\" content=\"L&#039;Equipe - Afrimvoe M\u00e9dical\" \/>\n<meta property=\"og:description\" content=\"AFRIMVOE est une \u00e9quipe compos\u00e9e des professionnels tant camerounais que \u00e9trangers. Retrouvez quelques uns de nos sp\u00e9cialistes: [...]Read More...\" \/>\n<meta property=\"og:url\" content=\"http:\/\/afrimvoe.net\/en\/notre-equipe\/\" \/>\n<meta property=\"og:site_name\" content=\"Afrimvoe M\u00e9dical\" \/>\n<meta property=\"article:modified_time\" content=\"2025-10-25T14:52:11+00:00\" \/>\n<meta name=\"twitter:card\" content=\"summary_large_image\" \/>\n<script type=\"application\/ld+json\" class=\"yoast-schema-graph\">{\"@context\":\"https:\/\/schema.org\",\"@graph\":[{\"@type\":\"WebPage\",\"@id\":\"http:\/\/afrimvoe.net\/notre-equipe\/\",\"url\":\"http:\/\/afrimvoe.net\/notre-equipe\/\",\"name\":\"L'Equipe - Afrimvoe M\u00e9dical\",\"isPartOf\":{\"@id\":\"http:\/\/afrimvoe.net\/en\/#website\"},\"datePublished\":\"2021-12-26T09:34:05+00:00\",\"dateModified\":\"2025-10-25T14:52:11+00:00\",\"breadcrumb\":{\"@id\":\"http:\/\/afrimvoe.net\/notre-equipe\/#breadcrumb\"},\"inLanguage\":\"en-US\",\"potentialAction\":[{\"@type\":\"ReadAction\",\"target\":[\"http:\/\/afrimvoe.net\/notre-equipe\/\"]}]},{\"@type\":\"BreadcrumbList\",\"@id\":\"http:\/\/afrimvoe.net\/notre-equipe\/#breadcrumb\",\"itemListElement\":[{\"@type\":\"ListItem\",\"position\":1,\"name\":\"Accueil\",\"item\":\"http:\/\/afrimvoe.net\/en\/\"},{\"@type\":\"ListItem\",\"position\":2,\"name\":\"L&rsquo;Equipe\"}]},{\"@type\":\"WebSite\",\"@id\":\"http:\/\/afrimvoe.net\/en\/#website\",\"url\":\"http:\/\/afrimvoe.net\/en\/\",\"name\":\"Afrimvoe M\u00e9dical\",\"description\":\"Sciences, Conscience, Exp\u00e9rience et Puissance des TIC au Service de Votre Sant\u00e9\",\"publisher\":{\"@id\":\"http:\/\/afrimvoe.net\/en\/#organization\"},\"potentialAction\":[{\"@type\":\"SearchAction\",\"target\":{\"@type\":\"EntryPoint\",\"urlTemplate\":\"http:\/\/afrimvoe.net\/en\/?s={search_term_string}\"},\"query-input\":{\"@type\":\"PropertyValueSpecification\",\"valueRequired\":true,\"valueName\":\"search_term_string\"}}],\"inLanguage\":\"en-US\"},{\"@type\":\"Organization\",\"@id\":\"http:\/\/afrimvoe.net\/en\/#organization\",\"name\":\"Afrimvoe M\u00e9dical\",\"url\":\"http:\/\/afrimvoe.net\/en\/\",\"logo\":{\"@type\":\"ImageObject\",\"inLanguage\":\"en-US\",\"@id\":\"http:\/\/afrimvoe.net\/en\/#\/schema\/logo\/image\/\",\"url\":\"http:\/\/afrimvoe.net\/wp-content\/uploads\/2021\/12\/cropped-Capture-decran-2023-09-20-125425.png\",\"contentUrl\":\"http:\/\/afrimvoe.net\/wp-content\/uploads\/2021\/12\/cropped-Capture-decran-2023-09-20-125425.png\",\"width\":148,\"height\":148,\"caption\":\"Afrimvoe M\u00e9dical\"},\"image\":{\"@id\":\"http:\/\/afrimvoe.net\/en\/#\/schema\/logo\/image\/\"}}]}<\/script>\n<!-- \/ Yoast SEO plugin. -->","yoast_head_json":{"title":"L'Equipe - Afrimvoe M\u00e9dical","robots":{"index":"index","follow":"follow","max-snippet":"max-snippet:-1","max-image-preview":"max-image-preview:large","max-video-preview":"max-video-preview:-1"},"canonical":"http:\/\/afrimvoe.net\/en\/notre-equipe\/","og_locale":"en_US","og_type":"article","og_title":"L'Equipe - Afrimvoe M\u00e9dical","og_description":"AFRIMVOE est une \u00e9quipe compos\u00e9e des professionnels tant camerounais que \u00e9trangers. Retrouvez quelques uns de nos sp\u00e9cialistes: [...]Read More...","og_url":"http:\/\/afrimvoe.net\/en\/notre-equipe\/","og_site_name":"Afrimvoe M\u00e9dical","article_modified_time":"2025-10-25T14:52:11+00:00","twitter_card":"summary_large_image","schema":{"@context":"https:\/\/schema.org","@graph":[{"@type":"WebPage","@id":"http:\/\/afrimvoe.net\/notre-equipe\/","url":"http:\/\/afrimvoe.net\/notre-equipe\/","name":"L'Equipe - Afrimvoe M\u00e9dical","isPartOf":{"@id":"http:\/\/afrimvoe.net\/en\/#website"},"datePublished":"2021-12-26T09:34:05+00:00","dateModified":"2025-10-25T14:52:11+00:00","breadcrumb":{"@id":"http:\/\/afrimvoe.net\/notre-equipe\/#breadcrumb"},"inLanguage":"en-US","potentialAction":[{"@type":"ReadAction","target":["http:\/\/afrimvoe.net\/notre-equipe\/"]}]},{"@type":"BreadcrumbList","@id":"http:\/\/afrimvoe.net\/notre-equipe\/#breadcrumb","itemListElement":[{"@type":"ListItem","position":1,"name":"Accueil","item":"http:\/\/afrimvoe.net\/en\/"},{"@type":"ListItem","position":2,"name":"L&rsquo;Equipe"}]},{"@type":"WebSite","@id":"http:\/\/afrimvoe.net\/en\/#website","url":"http:\/\/afrimvoe.net\/en\/","name":"Afrimvoe M\u00e9dical","description":"Sciences, Conscience, Exp\u00e9rience et Puissance des TIC au Service de Votre Sant\u00e9","publisher":{"@id":"http:\/\/afrimvoe.net\/en\/#organization"},"potentialAction":[{"@type":"SearchAction","target":{"@type":"EntryPoint","urlTemplate":"http:\/\/afrimvoe.net\/en\/?s={search_term_string}"},"query-input":{"@type":"PropertyValueSpecification","valueRequired":true,"valueName":"search_term_string"}}],"inLanguage":"en-US"},{"@type":"Organization","@id":"http:\/\/afrimvoe.net\/en\/#organization","name":"Afrimvoe M\u00e9dical","url":"http:\/\/afrimvoe.net\/en\/","logo":{"@type":"ImageObject","inLanguage":"en-US","@id":"http:\/\/afrimvoe.net\/en\/#\/schema\/logo\/image\/","url":"http:\/\/afrimvoe.net\/wp-content\/uploads\/2021\/12\/cropped-Capture-decran-2023-09-20-125425.png","contentUrl":"http:\/\/afrimvoe.net\/wp-content\/uploads\/2021\/12\/cropped-Capture-decran-2023-09-20-125425.png","width":148,"height":148,"caption":"Afrimvoe M\u00e9dical"},"image":{"@id":"http:\/\/afrimvoe.net\/en\/#\/schema\/logo\/image\/"}}]}},"_links":{"self":[{"href":"http:\/\/afrimvoe.net\/en\/wp-json\/wp\/v2\/pages\/165","targetHints":{"allow":["GET"]}}],"collection":[{"href":"http:\/\/afrimvoe.net\/en\/wp-json\/wp\/v2\/pages"}],"about":[{"href":"http:\/\/afrimvoe.net\/en\/wp-json\/wp\/v2\/types\/page"}],"author":[{"embeddable":true,"href":"http:\/\/afrimvoe.net\/en\/wp-json\/wp\/v2\/users\/1"}],"replies":[{"embeddable":true,"href":"http:\/\/afrimvoe.net\/en\/wp-json\/wp\/v2\/comments?post=165"}],"version-history":[{"count":3,"href":"http:\/\/afrimvoe.net\/en\/wp-json\/wp\/v2\/pages\/165\/revisions"}],"predecessor-version":[{"id":676,"href":"http:\/\/afrimvoe.net\/en\/wp-json\/wp\/v2\/pages\/165\/revisions\/676"}],"wp:attachment":[{"href":"http:\/\/afrimvoe.net\/en\/wp-json\/wp\/v2\/media?parent=165"}],"curies":[{"name":"wp","href":"https:\/\/api.w.org\/{rel}","templated":true}]}}