{"id":154,"date":"2021-12-24T17:17:47","date_gmt":"2021-12-24T16:17:47","guid":{"rendered":"http:\/\/afrimvoe.net\/?page_id=154"},"modified":"2025-10-25T15:51:14","modified_gmt":"2025-10-25T14:51:14","slug":"nos-services","status":"publish","type":"page","link":"http:\/\/afrimvoe.net\/en\/nos-services\/","title":{"rendered":"Services"},"content":{"rendered":"<p><strong>AFRIMVOE Medical Services<\/strong> offers the following services:<\/p>\n\n\n<div id=\"services\">\n    <div class=\"row row-eq-height\">\n            <div class=\"col-12 col-sm-6 col-lg-3 p-2 service\">\n            <a href=\"http:\/\/afrimvoe.net\/en\/consultations-medicales-specialisees\/\">\n                <div class=\"service-wrap\">\n                    <div class=\"service-bar\"><\/div>\n                    <span class=\"icon\" href=\"#\"><i class=\"fab fa-hire-a-helper\"><\/i><\/span>\n                    <h3>Prestations m\u00e9dicales: diagnostic, traitement, pr\u00e9vention et r\u00e9habilitation<\/h3>\n                    <p>M\u00e9decine g\u00e9n\u00e9rale et interne, Cardiologie, H\u00e9patogastroent\u00e9rologie, Rhumatologie, Endocrinologie, Gyn\u00e9cologie obst\u00e9trique,  P\u00e9diatrie, Chirurgie g\u00e9n\u00e9rale et urologique, M\u00e9decine et Sant\u00e9 au travail,  M\u00e9decine pr\u00e9ventive et bilans de sant\u00e9 approfondis, T\u00e9l\u00e9m\u00e9decine, Kin\u00e9sith\u00e9rapie, M\u00e9decine du sport\r\n<\/p>\n                <\/div>\n            <\/a>\n        <\/div>\n            <div class=\"col-12 col-sm-6 col-lg-3 p-2 service\">\n            <a href=\"http:\/\/afrimvoe.net\/en\/radiologie-et-imagerie-medicale-digitalisee\/\">\n                <div class=\"service-wrap\">\n                    <div class=\"service-bar\"><\/div>\n                    <span class=\"icon\" href=\"#\"><i class=\"fas fa-medkit\"><\/i><\/span>\n                    <h3>Radiologie et Imagerie m\u00e9dicale, Explorations fonctionnelles, Biologie M\u00e9dicale<\/h3>\n                    <p>\u00c9chographie standard et interventionnelle, \u00e9chodoppler, \u00e9lastographie quantitative, Radiologie digitale. ECG, Holter, MAPA, Composition corporelle par bioimp\u00e9dancem\u00e9trie, Neurostimulation<\/p>\n                <\/div>\n            <\/a>\n        <\/div>\n            <div class=\"col-12 col-sm-6 col-lg-3 p-2 service\">\n            <a href=\"http:\/\/afrimvoe.net\/en\/formation-documentation-et-recherche\/\">\n                <div class=\"service-wrap\">\n                    <div class=\"service-bar\"><\/div>\n                    <span class=\"icon\" href=\"#\"><i class=\"fas fa-graduation-cap\"><\/i><\/span>\n                    <h3>Formation et recherche<\/h3>\n                    <p>Accueil de stagiaires. Centre de documentation et de recherche dans les savoirs traditionnels. \u00c9dition de journaux scientifiques (Health Research in Africa), cr\u00e9ation et animation de sites web, communication sociale.<\/p>\n                <\/div>\n            <\/a>\n        <\/div>\n            <div class=\"col-12 col-sm-6 col-lg-3 p-2 service\">\n            <a href=\"http:\/\/afrimvoe.net\/en\/activites-economiques-sociales-et-humanitaires\/\">\n                <div class=\"service-wrap\">\n                    <div class=\"service-bar\"><\/div>\n                    <span class=\"icon\" href=\"#\"><i class=\"fas fa-child\"><\/i><\/span>\n                    <h3>Economic, social and humanitarian activities and environmental watch<\/h3>\n                    <p>Promotion of economic projects. Protection of the environment and promotion of sustainable development. Humanitarian assistance and aid to disadvantaged groups (rural populations, widows, orphans, etc.).\r\n<\/p>\n                <\/div>\n            <\/a>\n        <\/div>\n            <div class=\"col-12 col-sm-6 col-lg-3 p-2 service\">\n            <a href=\"http:\/\/afrimvoe.net\/en\/a-propos\/\">\n                <div class=\"service-wrap\">\n                    <div class=\"service-bar\"><\/div>\n                    <span class=\"icon\" href=\"#\"><i class=\"fas fa-database\"><\/i><\/span>\n                    <h3>Documentation scientifique - Base de donn\u00e9es<\/h3>\n                    <p>Afri-Fek. La plateforme de r\u00e9f\u00e9rence pour acc\u00e9der aux journaux, acad\u00e9mies et institutions de recherche en sant\u00e9 \u00e0 travers l'Afrique<\/p>\n                <\/div>\n            <\/a>\n        <\/div>\n        <\/div> \n<\/div>","protected":false},"excerpt":{"rendered":"<p>AFRIMVOE Medical Services vous propose les services suivants: [&#8230;]<\/p>\n<p><a class=\"btn btn-secondary understrap-read-more-link\" href=\"http:\/\/afrimvoe.net\/en\/nos-services\/\">Read More&#8230;<\/a><\/p>","protected":false},"author":1,"featured_media":0,"parent":0,"menu_order":0,"comment_status":"closed","ping_status":"closed","template":"page-templates\/fullwidthpage.php","meta":{"footnotes":""},"class_list":["post-154","page","type-page","status-publish","hentry"],"yoast_head":"<!-- This site is optimized with the Yoast SEO plugin v24.4 - https:\/\/yoast.com\/wordpress\/plugins\/seo\/ -->\n<title>Services - Afrimvoe M\u00e9dical<\/title>\n<meta name=\"description\" content=\"Consultations g\u00e9n\u00e9rales, sp\u00e9cialis\u00e9es et alternatives. Explorations fonctionnelles. Imagerie m\u00e9dicale. Soins urgences, ambulatoires, h\u00f4pital de jour. Neurostimulation \u00e9lectrique. Etc...\" \/>\n<meta name=\"robots\" content=\"index, follow, max-snippet:-1, max-image-preview:large, max-video-preview:-1\" \/>\n<link rel=\"canonical\" href=\"https:\/\/afrimvoe.net\/en\/nos-services\/\" \/>\n<meta property=\"og:locale\" content=\"en_US\" \/>\n<meta property=\"og:type\" content=\"article\" \/>\n<meta property=\"og:title\" content=\"Services - Afrimvoe M\u00e9dical\" \/>\n<meta property=\"og:description\" content=\"Consultations g\u00e9n\u00e9rales, sp\u00e9cialis\u00e9es et alternatives. Explorations fonctionnelles. Imagerie m\u00e9dicale. Soins urgences, ambulatoires, h\u00f4pital de jour. Neurostimulation \u00e9lectrique. Etc...\" \/>\n<meta property=\"og:url\" content=\"https:\/\/afrimvoe.net\/en\/nos-services\/\" \/>\n<meta property=\"og:site_name\" content=\"Afrimvoe M\u00e9dical\" \/>\n<meta property=\"article:modified_time\" content=\"2025-10-25T14:51:14+00:00\" \/>\n<meta name=\"twitter:card\" content=\"summary_large_image\" \/>\n<meta name=\"twitter:label1\" content=\"Est. reading time\" \/>\n\t<meta name=\"twitter:data1\" content=\"1 minute\" \/>\n<script type=\"application\/ld+json\" class=\"yoast-schema-graph\">{\"@context\":\"https:\/\/schema.org\",\"@graph\":[{\"@type\":\"WebPage\",\"@id\":\"https:\/\/afrimvoe.net\/nos-services\/\",\"url\":\"https:\/\/afrimvoe.net\/nos-services\/\",\"name\":\"Services - Afrimvoe M\u00e9dical\",\"isPartOf\":{\"@id\":\"https:\/\/afrimvoe.net\/en\/#website\"},\"datePublished\":\"2021-12-24T16:17:47+00:00\",\"dateModified\":\"2025-10-25T14:51:14+00:00\",\"description\":\"Consultations g\u00e9n\u00e9rales, sp\u00e9cialis\u00e9es et alternatives. Explorations fonctionnelles. Imagerie m\u00e9dicale. Soins urgences, ambulatoires, h\u00f4pital de jour. Neurostimulation \u00e9lectrique. Etc...\",\"breadcrumb\":{\"@id\":\"https:\/\/afrimvoe.net\/nos-services\/#breadcrumb\"},\"inLanguage\":\"en-US\",\"potentialAction\":[{\"@type\":\"ReadAction\",\"target\":[\"https:\/\/afrimvoe.net\/nos-services\/\"]}]},{\"@type\":\"BreadcrumbList\",\"@id\":\"https:\/\/afrimvoe.net\/nos-services\/#breadcrumb\",\"itemListElement\":[{\"@type\":\"ListItem\",\"position\":1,\"name\":\"Accueil\",\"item\":\"https:\/\/afrimvoe.net\/en\/\"},{\"@type\":\"ListItem\",\"position\":2,\"name\":\"Services\"}]},{\"@type\":\"WebSite\",\"@id\":\"https:\/\/afrimvoe.net\/en\/#website\",\"url\":\"https:\/\/afrimvoe.net\/en\/\",\"name\":\"Afrimvoe M\u00e9dical\",\"description\":\"Sciences, Conscience, Exp\u00e9rience et Puissance des TIC au Service de Votre Sant\u00e9\",\"publisher\":{\"@id\":\"https:\/\/afrimvoe.net\/en\/#organization\"},\"potentialAction\":[{\"@type\":\"SearchAction\",\"target\":{\"@type\":\"EntryPoint\",\"urlTemplate\":\"https:\/\/afrimvoe.net\/en\/?s={search_term_string}\"},\"query-input\":{\"@type\":\"PropertyValueSpecification\",\"valueRequired\":true,\"valueName\":\"search_term_string\"}}],\"inLanguage\":\"en-US\"},{\"@type\":\"Organization\",\"@id\":\"https:\/\/afrimvoe.net\/en\/#organization\",\"name\":\"Afrimvoe M\u00e9dical\",\"url\":\"https:\/\/afrimvoe.net\/en\/\",\"logo\":{\"@type\":\"ImageObject\",\"inLanguage\":\"en-US\",\"@id\":\"https:\/\/afrimvoe.net\/en\/#\/schema\/logo\/image\/\",\"url\":\"http:\/\/afrimvoe.net\/wp-content\/uploads\/2021\/12\/cropped-Capture-decran-2023-09-20-125425.png\",\"contentUrl\":\"http:\/\/afrimvoe.net\/wp-content\/uploads\/2021\/12\/cropped-Capture-decran-2023-09-20-125425.png\",\"width\":148,\"height\":148,\"caption\":\"Afrimvoe M\u00e9dical\"},\"image\":{\"@id\":\"https:\/\/afrimvoe.net\/en\/#\/schema\/logo\/image\/\"}}]}<\/script>\n<!-- \/ Yoast SEO plugin. -->","yoast_head_json":{"title":"Services - Afrimvoe M\u00e9dical","description":"Consultations g\u00e9n\u00e9rales, sp\u00e9cialis\u00e9es et alternatives. Explorations fonctionnelles. Imagerie m\u00e9dicale. Soins urgences, ambulatoires, h\u00f4pital de jour. Neurostimulation \u00e9lectrique. Etc...","robots":{"index":"index","follow":"follow","max-snippet":"max-snippet:-1","max-image-preview":"max-image-preview:large","max-video-preview":"max-video-preview:-1"},"canonical":"https:\/\/afrimvoe.net\/en\/nos-services\/","og_locale":"en_US","og_type":"article","og_title":"Services - Afrimvoe M\u00e9dical","og_description":"Consultations g\u00e9n\u00e9rales, sp\u00e9cialis\u00e9es et alternatives. Explorations fonctionnelles. Imagerie m\u00e9dicale. Soins urgences, ambulatoires, h\u00f4pital de jour. Neurostimulation \u00e9lectrique. Etc...","og_url":"https:\/\/afrimvoe.net\/en\/nos-services\/","og_site_name":"Afrimvoe M\u00e9dical","article_modified_time":"2025-10-25T14:51:14+00:00","twitter_card":"summary_large_image","twitter_misc":{"Est. reading time":"1 minute"},"schema":{"@context":"https:\/\/schema.org","@graph":[{"@type":"WebPage","@id":"https:\/\/afrimvoe.net\/nos-services\/","url":"https:\/\/afrimvoe.net\/nos-services\/","name":"Services - Afrimvoe M\u00e9dical","isPartOf":{"@id":"https:\/\/afrimvoe.net\/en\/#website"},"datePublished":"2021-12-24T16:17:47+00:00","dateModified":"2025-10-25T14:51:14+00:00","description":"Consultations g\u00e9n\u00e9rales, sp\u00e9cialis\u00e9es et alternatives. Explorations fonctionnelles. Imagerie m\u00e9dicale. Soins urgences, ambulatoires, h\u00f4pital de jour. Neurostimulation \u00e9lectrique. Etc...","breadcrumb":{"@id":"https:\/\/afrimvoe.net\/nos-services\/#breadcrumb"},"inLanguage":"en-US","potentialAction":[{"@type":"ReadAction","target":["https:\/\/afrimvoe.net\/nos-services\/"]}]},{"@type":"BreadcrumbList","@id":"https:\/\/afrimvoe.net\/nos-services\/#breadcrumb","itemListElement":[{"@type":"ListItem","position":1,"name":"Accueil","item":"https:\/\/afrimvoe.net\/en\/"},{"@type":"ListItem","position":2,"name":"Services"}]},{"@type":"WebSite","@id":"https:\/\/afrimvoe.net\/en\/#website","url":"https:\/\/afrimvoe.net\/en\/","name":"Afrimvoe M\u00e9dical","description":"Sciences, Conscience, Exp\u00e9rience et Puissance des TIC au Service de Votre Sant\u00e9","publisher":{"@id":"https:\/\/afrimvoe.net\/en\/#organization"},"potentialAction":[{"@type":"SearchAction","target":{"@type":"EntryPoint","urlTemplate":"https:\/\/afrimvoe.net\/en\/?s={search_term_string}"},"query-input":{"@type":"PropertyValueSpecification","valueRequired":true,"valueName":"search_term_string"}}],"inLanguage":"en-US"},{"@type":"Organization","@id":"https:\/\/afrimvoe.net\/en\/#organization","name":"Afrimvoe M\u00e9dical","url":"https:\/\/afrimvoe.net\/en\/","logo":{"@type":"ImageObject","inLanguage":"en-US","@id":"https:\/\/afrimvoe.net\/en\/#\/schema\/logo\/image\/","url":"http:\/\/afrimvoe.net\/wp-content\/uploads\/2021\/12\/cropped-Capture-decran-2023-09-20-125425.png","contentUrl":"http:\/\/afrimvoe.net\/wp-content\/uploads\/2021\/12\/cropped-Capture-decran-2023-09-20-125425.png","width":148,"height":148,"caption":"Afrimvoe M\u00e9dical"},"image":{"@id":"https:\/\/afrimvoe.net\/en\/#\/schema\/logo\/image\/"}}]}},"_links":{"self":[{"href":"http:\/\/afrimvoe.net\/en\/wp-json\/wp\/v2\/pages\/154","targetHints":{"allow":["GET"]}}],"collection":[{"href":"http:\/\/afrimvoe.net\/en\/wp-json\/wp\/v2\/pages"}],"about":[{"href":"http:\/\/afrimvoe.net\/en\/wp-json\/wp\/v2\/types\/page"}],"author":[{"embeddable":true,"href":"http:\/\/afrimvoe.net\/en\/wp-json\/wp\/v2\/users\/1"}],"replies":[{"embeddable":true,"href":"http:\/\/afrimvoe.net\/en\/wp-json\/wp\/v2\/comments?post=154"}],"version-history":[{"count":4,"href":"http:\/\/afrimvoe.net\/en\/wp-json\/wp\/v2\/pages\/154\/revisions"}],"predecessor-version":[{"id":674,"href":"http:\/\/afrimvoe.net\/en\/wp-json\/wp\/v2\/pages\/154\/revisions\/674"}],"wp:attachment":[{"href":"http:\/\/afrimvoe.net\/en\/wp-json\/wp\/v2\/media?parent=154"}],"curies":[{"name":"wp","href":"https:\/\/api.w.org\/{rel}","templated":true}]}}